{"id":13080,"date":"2016-09-15T15:57:52","date_gmt":"2016-09-15T15:57:52","guid":{"rendered":"http:\/\/only.younik.pt\/?page_id=13080"},"modified":"2022-01-04T10:31:13","modified_gmt":"2022-01-04T10:31:13","slug":"homepage-app-design-2","status":"publish","type":"page","link":"https:\/\/www.only-smartbuildings.com\/pt\/","title":{"rendered":"Homepage ONLY"},"content":{"rendered":"<p>[vc_row padding_top_multiplier=&#8221;6x&#8221; padding_bottom_multiplier=&#8221;6x&#8221;][vc_column]<h2 class=\"grve-element grve-title grve-align-center grve-h1 grve-increase-heading grve-heading-200\" style=\"\"><span><span style=\"color: #503795;\">Bem-vindo \u00e0 <span style=\"font-weight: 500; text-transform: uppercase;\">ONLY<\/span><\/span><\/span><\/h2><div class=\"grve-empty-space\" style=\"height: 20px;\"><\/div>[vc_column_text]<\/p>\n<p class=\"p1\" style=\"text-align: center;\"><span class=\"s1\">ONLY \u00e9 tecnologia de edif\u00edcios inteligentes, simples de instalar e configurar,<br \/>\ncom funcionalidades completas para controlo de ilumina\u00e7\u00e3o artificial e natural, de climatiza\u00e7\u00e3o, seguran\u00e7a e som ambiente. <\/span><\/p>\n<p class=\"p1\" style=\"text-align: center;\"><span class=\"s1\">A nossa tecnologia, <span style=\"font-weight: 600;\">o seu controlo.<br \/>\n<\/span><\/span><\/p>\n<p>[\/vc_column_text]<div class=\"grve-empty-space grve-height-1x\" style=\"\"><\/div><div class=\"grve-element grve-align-center botao-fuxia\"><a href=\"\/technology\/\" class=\"grve-btn grve-btn-medium grve-square grve-bg-primary-1 grve-bg-hover-primary-2\"><span>Veja a nossa tecnologia<\/span><\/a><\/div>[\/vc_column][\/vc_row][vc_row heading_color=&#8221;primary-6&#8243; section_type=&#8221;fullwidth&#8221; bg_type=&#8221;image&#8221; bg_image=&#8221;19709&#8243; bg_image_type=&#8221;parallax&#8221; parallax_threshold=&#8221;0.8&#8243; padding_top_multiplier=&#8221;custom&#8221; padding_bottom_multiplier=&#8221;custom&#8221; font_color=&#8221;#ffffff&#8221; padding_top=&#8221;16%&#8221; padding_bottom=&#8221;16%&#8221; el_class=&#8221;sem-border-col&#8221;][vc_column width=&#8221;1\/3&#8243; css=&#8221;.vc_custom_1521545292408{border-right-width: 1px !important;padding-right: 14% !important;padding-left: 14% !important;border-right-color: rgba(255,255,255,0.8) !important;border-right-style: solid !important;}&#8221; el_class=&#8221;sem-border-col&#8221;]<h3 class=\"grve-element grve-title grve-align-left grve-h3 grve-increase-heading grve-heading-160\" style=\"\"><span>F\u00e1cil de utilizar<\/span><\/h3>[vc_column_text]Apenas um toque para controlar luz, sistemas de seguran\u00e7a e ouvir as suas m\u00fasicas favoritas. Tudo de uma vez s\u00f3.[\/vc_column_text][\/vc_column][vc_column width=&#8221;1\/3&#8243; css=&#8221;.vc_custom_1521545297548{border-right-width: 1px !important;padding-right: 14% !important;padding-left: 14% !important;border-right-color: rgba(255,255,255,0.8) !important;border-right-style: solid !important;}&#8221; el_class=&#8221;sem-border-col&#8221;]<h3 class=\"grve-element grve-title grve-align-left grve-h3 grve-increase-heading grve-heading-160\" style=\"\"><span>Um manifesto \u00e0 privacidade<\/span><\/h3>[vc_column_text]Os seus dados est\u00e3o seguros e fora da nuvem (cloud) porque a privacidade \u00e9 realmente importante.[\/vc_column_text][\/vc_column][vc_column width=&#8221;1\/3&#8243; css=&#8221;.vc_custom_1521545302841{padding-right: 14% !important;padding-left: 14% !important;}&#8221; el_class=&#8221;sem-border-col&#8221;]<h3 class=\"grve-element grve-title grve-align-left grve-h3 grve-increase-heading grve-heading-160\" style=\"\"><span>Possibilidades infinitas<\/span><\/h3>[vc_column_text]\u00c0 medida do seu estilo, necessidades e rotina di\u00e1ria para um ajuste perfeito.[\/vc_column_text][\/vc_column][\/vc_row][vc_row section_type=&#8221;fullwidth&#8221; padding_top_multiplier=&#8221;&#8221; padding_bottom_multiplier=&#8221;&#8221; columns_gap=&#8221;none&#8221; equal_column_height=&#8221;middle-content&#8221;][vc_column width=&#8221;1\/2&#8243; css=&#8221;.vc_custom_1520940207007{background-image: url(https:\/\/only-smartbuildings.com\/wp-content\/uploads\/2018\/03\/only-destaques-05-min.jpg?id=17230) !important;background-position: center !important;background-repeat: no-repeat !important;background-size: cover !important;}&#8221;]<div class=\"grve-element grve-image grafismo-smart-home grve-align-right\" style=\"\">  <div class=\"grve-image-wrapper\"><img loading=\"lazy\" decoding=\"async\" width=\"225\" height=\"300\" src=\"https:\/\/www.only-smartbuildings.com\/wp-content\/uploads\/2018\/03\/linha-smarthome-225x300.png\" class=\"attachment-medium size-medium\" alt=\"\" srcset=\"https:\/\/www.only-smartbuildings.com\/wp-content\/uploads\/2018\/03\/linha-smarthome-225x300.png 225w, https:\/\/www.only-smartbuildings.com\/wp-content\/uploads\/2018\/03\/linha-smarthome.png 411w\" sizes=\"auto, (max-width: 225px) 100vw, 225px\" \/>   <\/div><\/div>[\/vc_column][vc_column width=&#8221;1\/2&#8243; css=&#8221;.vc_custom_1521141674612{padding-top: 24% !important;padding-right: 14% !important;padding-bottom: 24% !important;padding-left: 14% !important;}&#8221;][vc_row_inner][vc_column_inner css=&#8221;.vc_custom_1518446837095{margin-bottom: 28px !important;}&#8221;]<h2 class=\"grve-element grve-title grve-align-left grve-h1 grve-increase-heading grve-heading-140\" style=\"\"><span>Smart Home<\/span><\/h2>[\/vc_column_inner][\/vc_row_inner]<h3 class=\"grve-element grve-title grve-align-left grve-animated-item grve-duration-normal grve-fade-in-right grve-h4\" style=\"\" data-delay=\"100\"><span>Estilo de vida ONLY<\/span><\/h3>[vc_column_text animation=&#8221;grve-fade-in-right&#8221;]ONLY materializa o sonho de uma casa inteligente de forma simples e intuitiva.<br \/>\nDesign sedutor, simplicidade de utiliza\u00e7\u00e3o e customiza\u00e7\u00e3o absoluta proporcionam um estilo de vida incompar\u00e1vel.[\/vc_column_text]<div class=\"grve-empty-space grve-height-1x\" style=\"\"><\/div><div class=\"grve-element grve-align-left grve-animated-item grve-fade-in-right grve-duration-normal botao-fuxia\" data-delay=\"300\"><a href=\"\/smart-home\/\" class=\"grve-btn grve-btn-medium grve-square grve-bg-primary-1 grve-bg-hover-primary-2\"><span>Explore Smart Home<\/span><\/a><\/div>[\/vc_column][\/vc_row][vc_row section_type=&#8221;fullwidth&#8221; padding_top_multiplier=&#8221;&#8221; padding_bottom_multiplier=&#8221;&#8221; columns_gap=&#8221;none&#8221; equal_column_height=&#8221;middle-content&#8221;][vc_column width=&#8221;1\/2&#8243; css=&#8221;.vc_custom_1521141699036{padding-top: 24% !important;padding-right: 14% !important;padding-bottom: 24% !important;padding-left: 14% !important;background-position: center !important;background-repeat: no-repeat !important;background-size: cover !important;}&#8221;][vc_row_inner][vc_column_inner css=&#8221;.vc_custom_1518446837095{margin-bottom: 28px !important;}&#8221;]<h2 class=\"grve-element grve-title grve-align-left grve-h1 grve-increase-heading grve-heading-140\" style=\"\"><span>Smart Hotel<\/span><\/h2>[\/vc_column_inner][\/vc_row_inner]<h3 class=\"grve-element grve-title grve-align-left grve-animated-item grve-duration-normal grve-fade-in-right grve-h4\" style=\"\" data-delay=\"100\"><span>A mais recente gera\u00e7\u00e3o de hot\u00e9is inteligentes<\/span><\/h3>[vc_column_text animation=&#8221;grve-fade-in-right&#8221;]ONLY Smart Hotel \u00e9 um sistema para Gest\u00e3o dos Quartos de Hotel (GRMS).<br \/>\nFaz uma gest\u00e3o equilibrada do conforto dos seus hospedes e do consumo energ\u00e9tico para assegurar sustentabilidade operacional e ambiental.[\/vc_column_text]<div class=\"grve-empty-space grve-height-1x\" style=\"\"><\/div><div class=\"grve-element grve-align-left grve-animated-item grve-fade-in-right grve-duration-normal botao-hotel\" data-delay=\"300\"><a href=\"\/smart-hotel\/\" class=\"grve-btn grve-btn-medium grve-square grve-bg-primary-1 grve-bg-hover-primary-4\"><span>Explore Smart Hotel<\/span><\/a><\/div>[\/vc_column][vc_column width=&#8221;1\/2&#8243; css=&#8221;.vc_custom_1520940333503{background-image: url(https:\/\/only-smartbuildings.com\/wp-content\/uploads\/2018\/03\/only-destaques-06-min.jpg?id=17232) !important;background-position: center !important;background-repeat: no-repeat !important;background-size: cover !important;}&#8221;]<div class=\"grve-element grve-image grafismo-smart-hotel grve-align-left\" style=\"\">  <div class=\"grve-image-wrapper\"><img loading=\"lazy\" decoding=\"async\" width=\"300\" height=\"121\" src=\"https:\/\/www.only-smartbuildings.com\/wp-content\/uploads\/2018\/02\/linha-11-300x121.png\" class=\"attachment-medium size-medium\" alt=\"\" srcset=\"https:\/\/www.only-smartbuildings.com\/wp-content\/uploads\/2018\/02\/linha-11-300x121.png 300w, https:\/\/www.only-smartbuildings.com\/wp-content\/uploads\/2018\/02\/linha-11.png 524w\" sizes=\"auto, (max-width: 300px) 100vw, 300px\" \/>   <\/div><\/div>[\/vc_column][\/vc_row][vc_row section_type=&#8221;fullwidth&#8221; padding_top_multiplier=&#8221;&#8221; padding_bottom_multiplier=&#8221;&#8221; columns_gap=&#8221;none&#8221; equal_column_height=&#8221;middle-content&#8221;][vc_column width=&#8221;1\/2&#8243; css=&#8221;.vc_custom_1521049010660{background-image: url(https:\/\/only-smartbuildings.com\/wp-content\/uploads\/2018\/03\/only-destaques-8-min.jpg?id=17397) !important;background-position: center !important;background-repeat: no-repeat !important;background-size: cover !important;}&#8221;]<div class=\"grve-element grve-image grafismo-smart-care grve-align-right\" style=\"\">  <div class=\"grve-image-wrapper\"><img loading=\"lazy\" decoding=\"async\" width=\"300\" height=\"111\" src=\"https:\/\/www.only-smartbuildings.com\/wp-content\/uploads\/2018\/03\/linha-smartcare-300x111.png\" class=\"attachment-medium size-medium\" alt=\"\" srcset=\"https:\/\/www.only-smartbuildings.com\/wp-content\/uploads\/2018\/03\/linha-smartcare-300x111.png 300w, https:\/\/www.only-smartbuildings.com\/wp-content\/uploads\/2018\/03\/linha-smartcare-600x222.png 600w, https:\/\/www.only-smartbuildings.com\/wp-content\/uploads\/2018\/03\/linha-smartcare.png 661w\" sizes=\"auto, (max-width: 300px) 100vw, 300px\" \/>   <\/div><\/div>[\/vc_column][vc_column width=&#8221;1\/2&#8243; css=&#8221;.vc_custom_1521141712627{padding-top: 24% !important;padding-right: 14% !important;padding-bottom: 24% !important;padding-left: 14% !important;}&#8221;][vc_row_inner][vc_column_inner css=&#8221;.vc_custom_1518446837095{margin-bottom: 28px !important;}&#8221;]<h2 class=\"grve-element grve-title grve-align-left grve-h1 grve-increase-heading grve-heading-140\" style=\"\"><span>Smart Care<\/span><\/h2>[\/vc_column_inner][\/vc_row_inner]<h3 class=\"grve-element grve-title grve-align-left grve-animated-item grve-duration-normal grve-fade-in-right grve-h4\" style=\"\" data-delay=\"100\"><span>Tecnologia para agilizar o cuidado de seniores<\/span><\/h3>[vc_column_text animation=&#8221;grve-fade-in-right&#8221;]Os cuidados a seniores tornam-se mais eficazes atrav\u00e9s da comunica\u00e7\u00e3o orientada por solu\u00e7\u00f5es de chamada de enfermagem, paging e preven\u00e7\u00e3o de quedas. Inteligente, f\u00e1cil e projetado \u00e0 medida para bem cuidar.[\/vc_column_text]<div class=\"grve-empty-space grve-height-1x\" style=\"\"><\/div><div class=\"grve-element grve-align-left grve-animated-item grve-fade-in-right grve-duration-normal botao-care\" data-delay=\"300\"><a href=\"\/smart-care\/\" class=\"grve-btn grve-btn-medium grve-square grve-bg-primary-1 grve-bg-hover-primary-5\"><span>Explore Smart Care<\/span><\/a><\/div>[\/vc_column][\/vc_row][vc_row heading_color=&#8221;primary-1&#8243; bg_type=&#8221;image&#8221; bg_image=&#8221;17911&#8243; bg_image_type=&#8221;fixed&#8221; padding_top_multiplier=&#8221;6x&#8221; padding_bottom_multiplier=&#8221;6x&#8221; parallax_sensor=&#8221;350&#8243;][vc_column]<div class=\"grve-empty-space grve-height-4x\" style=\"\"><\/div><h2 class=\"grve-element grve-title grve-align-center grve-h1 grve-increase-heading grve-heading-200\" style=\"\"><span>Projetos de refer\u00eancia<\/span><\/h2><h3 class=\"grve-element grve-title grve-align-center grve-h4\" style=\"\"><span>Espreite os projetos ONLY Smart Buildings<\/span><\/h3><div class=\"grve-empty-space grve-height-2x\" style=\"\"><\/div><div class=\"grve-element grve-align-center\"><a href=\"http:\/\/only-smartbuildings.com\/projects\/\" class=\"grve-btn grve-btn-medium grve-square grve-bg-primary-1 grve-bg-hover-primary-2\"><span>Descubra mais<\/span><\/a><\/div><div class=\"grve-empty-space grve-height-4x\" style=\"\"><\/div>[\/vc_column][\/vc_row][vc_row section_type=&#8221;fullwidth&#8221; padding_top_multiplier=&#8221;&#8221; padding_bottom_multiplier=&#8221;&#8221; columns_gap=&#8221;none&#8221; equal_column_height=&#8221;middle-content&#8221;][vc_column width=&#8221;1\/2&#8243; css=&#8221;.vc_custom_1554384076162{background-image: url(\/wp-content\/uploads\/2019\/04\/only-destaque-formacao.jpg?id=18926) !important;background-position: center !important;background-repeat: no-repeat !important;background-size: cover !important;}&#8221;][\/vc_column][vc_column width=&#8221;1\/2&#8243; css=&#8221;.vc_custom_1521141712627{padding-top: 24% !important;padding-right: 14% !important;padding-bottom: 24% !important;padding-left: 14% !important;}&#8221;][vc_row_inner][vc_column_inner css=&#8221;.vc_custom_1518446837095{margin-bottom: 28px !important;}&#8221;]<h2 class=\"grve-element grve-title grve-align-left grve-h1 grve-increase-heading grve-heading-140\" style=\"\"><span>ONLY Certification Program<\/span><\/h2>[\/vc_column_inner][\/vc_row_inner][vc_column_text animation=&#8221;grve-fade-in-right&#8221;]<\/p>\n<p style=\"font-weight: 400;\">A ONLY Smart Buildings est\u00e1 a desenvolver algumas a\u00e7\u00f5es de forma\u00e7\u00e3o aos seus clientes e parceiros.<\/p>\n<p style=\"font-weight: 400;\">Caso tenha interesse em participar na forma\u00e7\u00e3o, por favor queira preencher os campos do formul\u00e1rio (Google Form) e logo que seja organizada a pr\u00f3xima a\u00e7\u00e3o de forma\u00e7\u00e3o, ser\u00e1 contactado(a).<\/p>\n<p>[\/vc_column_text]<div class=\"grve-empty-space grve-height-1x\" style=\"\"><\/div><div class=\"grve-element grve-align-left grve-animated-item grve-fade-in-right grve-duration-normal botao-care\" data-delay=\"300\"><a href=\"https:\/\/goo.gl\/forms\/JOK3M74Ia4NF5hAm2\" target=\"_blank\" class=\"grve-btn grve-btn-medium grve-square grve-bg-primary-1 grve-bg-hover-primary-3\"><span>Participar<\/span><\/a><\/div>[\/vc_column][\/vc_row]<\/p>","protected":false},"excerpt":{"rendered":"<p>Has ad laudem impedit assueverit, vim ne corpora invenire. Consul salutatus voluptaria te mei, ei ullum liberavisse usu.<\/p>\n","protected":false},"author":1,"featured_media":13445,"parent":0,"menu_order":0,"comment_status":"closed","ping_status":"closed","template":"","meta":{"footnotes":""},"class_list":["post-13080","page","type-page","status-publish","has-post-thumbnail","hentry"],"aioseo_notices":[],"_links":{"self":[{"href":"https:\/\/www.only-smartbuildings.com\/pt\/wp-json\/wp\/v2\/pages\/13080","targetHints":{"allow":["GET"]}}],"collection":[{"href":"https:\/\/www.only-smartbuildings.com\/pt\/wp-json\/wp\/v2\/pages"}],"about":[{"href":"https:\/\/www.only-smartbuildings.com\/pt\/wp-json\/wp\/v2\/types\/page"}],"author":[{"embeddable":true,"href":"https:\/\/www.only-smartbuildings.com\/pt\/wp-json\/wp\/v2\/users\/1"}],"replies":[{"embeddable":true,"href":"https:\/\/www.only-smartbuildings.com\/pt\/wp-json\/wp\/v2\/comments?post=13080"}],"version-history":[{"count":219,"href":"https:\/\/www.only-smartbuildings.com\/pt\/wp-json\/wp\/v2\/pages\/13080\/revisions"}],"predecessor-version":[{"id":19821,"href":"https:\/\/www.only-smartbuildings.com\/pt\/wp-json\/wp\/v2\/pages\/13080\/revisions\/19821"}],"wp:featuredmedia":[{"embeddable":true,"href":"https:\/\/www.only-smartbuildings.com\/pt\/wp-json\/"}],"wp:attachment":[{"href":"https:\/\/www.only-smartbuildings.com\/pt\/wp-json\/wp\/v2\/media?parent=13080"}],"curies":[{"name":"wp","href":"https:\/\/api.w.org\/{rel}","templated":true}]}}